{"id":27,"date":"2023-11-01T15:37:57","date_gmt":"2023-11-01T15:37:57","guid":{"rendered":"https:\/\/ingefred.es\/?page_id=27"},"modified":"2023-11-29T17:16:30","modified_gmt":"2023-11-29T17:16:30","slug":"quienes-somos","status":"publish","type":"page","link":"https:\/\/ingefred.es\/en\/quienes-somos\/","title":{"rendered":"About us"},"content":{"rendered":"<div data-elementor-type=\"wp-page\" data-elementor-id=\"27\" class=\"elementor elementor-27\" data-elementor-post-type=\"page\">\n\t\t\t\t<div class=\"elementor-element elementor-element-d318908 e-con-full elementor-hidden-mobile e-flex e-con e-parent\" data-id=\"d318908\" data-element_type=\"container\" data-e-type=\"container\" data-settings=\"{&quot;background_background&quot;:&quot;classic&quot;}\">\n\t\t<div class=\"elementor-element elementor-element-e158fb2 e-con-full e-flex e-con e-child\" data-id=\"e158fb2\" data-element_type=\"container\" data-e-type=\"container\" data-settings=\"{&quot;background_background&quot;:&quot;classic&quot;}\">\n\t\t\t\t<div class=\"elementor-element elementor-element-9c4194d elementor-widget elementor-widget-heading\" data-id=\"9c4194d\" data-element_type=\"widget\" data-e-type=\"widget\" data-widget_type=\"heading.default\">\n\t\t\t\t<div class=\"elementor-widget-container\">\n\t\t\t\t\t<h2 class=\"elementor-heading-title elementor-size-default\">Our history<\/h2>\t\t\t\t<\/div>\n\t\t\t\t<\/div>\n\t\t\t\t<\/div>\n\t\t<div class=\"elementor-element elementor-element-d93cf9d e-con-full e-flex e-con e-child\" data-id=\"d93cf9d\" data-element_type=\"container\" data-e-type=\"container\" data-settings=\"{&quot;background_background&quot;:&quot;classic&quot;}\">\n\t\t\t\t<div class=\"elementor-element elementor-element-c401804 elementor-widget elementor-widget-image\" data-id=\"c401804\" data-element_type=\"widget\" data-e-type=\"widget\" data-widget_type=\"image.default\">\n\t\t\t\t<div class=\"elementor-widget-container\">\n\t\t\t\t\t\t\t\t\t\t\t\t\t\t\t<img decoding=\"async\" width=\"1920\" height=\"1080\" src=\"https:\/\/ingefred.es\/wp-content\/uploads\/2023\/11\/915915915159.png\" class=\"attachment-full size-full wp-image-1081\" alt=\"\" srcset=\"https:\/\/ingefred.es\/wp-content\/uploads\/2023\/11\/915915915159.png 1920w, https:\/\/ingefred.es\/wp-content\/uploads\/2023\/11\/915915915159-300x169.png 300w, https:\/\/ingefred.es\/wp-content\/uploads\/2023\/11\/915915915159-1024x576.png 1024w, https:\/\/ingefred.es\/wp-content\/uploads\/2023\/11\/915915915159-768x432.png 768w, https:\/\/ingefred.es\/wp-content\/uploads\/2023\/11\/915915915159-1536x864.png 1536w\" sizes=\"(max-width: 1920px) 100vw, 1920px\" \/>\t\t\t\t\t\t\t\t\t\t\t\t\t\t\t<\/div>\n\t\t\t\t<\/div>\n\t\t\t\t<\/div>\n\t\t\t\t<\/div>\n\t\t<div class=\"elementor-element elementor-element-be339e9 e-con-full elementor-hidden-desktop elementor-hidden-tablet e-flex e-con e-parent\" data-id=\"be339e9\" data-element_type=\"container\" data-e-type=\"container\" data-settings=\"{&quot;background_background&quot;:&quot;classic&quot;}\">\n\t\t<div class=\"elementor-element elementor-element-b5868b3 e-con-full e-flex e-con e-child\" data-id=\"b5868b3\" data-element_type=\"container\" data-e-type=\"container\" data-settings=\"{&quot;background_background&quot;:&quot;classic&quot;}\">\n\t\t<div class=\"elementor-element elementor-element-49be63c e-con-full e-flex e-con e-child\" data-id=\"49be63c\" data-element_type=\"container\" data-e-type=\"container\">\n\t\t\t\t<div class=\"elementor-element elementor-element-6c0459c elementor-widget elementor-widget-image\" data-id=\"6c0459c\" data-element_type=\"widget\" data-e-type=\"widget\" data-widget_type=\"image.default\">\n\t\t\t\t<div class=\"elementor-widget-container\">\n\t\t\t\t\t\t\t\t\t\t\t\t\t\t\t<img decoding=\"async\" width=\"1920\" height=\"1080\" src=\"https:\/\/ingefred.es\/wp-content\/uploads\/2023\/11\/915915915159.png\" class=\"attachment-full size-full wp-image-1081\" alt=\"\" srcset=\"https:\/\/ingefred.es\/wp-content\/uploads\/2023\/11\/915915915159.png 1920w, https:\/\/ingefred.es\/wp-content\/uploads\/2023\/11\/915915915159-300x169.png 300w, https:\/\/ingefred.es\/wp-content\/uploads\/2023\/11\/915915915159-1024x576.png 1024w, https:\/\/ingefred.es\/wp-content\/uploads\/2023\/11\/915915915159-768x432.png 768w, https:\/\/ingefred.es\/wp-content\/uploads\/2023\/11\/915915915159-1536x864.png 1536w\" sizes=\"(max-width: 1920px) 100vw, 1920px\" \/>\t\t\t\t\t\t\t\t\t\t\t\t\t\t\t<\/div>\n\t\t\t\t<\/div>\n\t\t\t\t<\/div>\n\t\t\t\t<div class=\"elementor-element elementor-element-194fcc2 elementor-widget elementor-widget-heading\" data-id=\"194fcc2\" data-element_type=\"widget\" data-e-type=\"widget\" data-widget_type=\"heading.default\">\n\t\t\t\t<div class=\"elementor-widget-container\">\n\t\t\t\t\t<h2 class=\"elementor-heading-title elementor-size-default\">Our history<\/h2>\t\t\t\t<\/div>\n\t\t\t\t<\/div>\n\t\t\t\t<\/div>\n\t\t\t\t<\/div>\n\t\t<div class=\"elementor-element elementor-element-04b7e3d e-flex e-con-boxed e-con e-parent\" data-id=\"04b7e3d\" data-element_type=\"container\" data-e-type=\"container\" data-settings=\"{&quot;background_background&quot;:&quot;classic&quot;,&quot;shape_divider_bottom&quot;:&quot;tilt&quot;}\">\n\t\t\t\t\t<div class=\"e-con-inner\">\n\t\t\t\t<div class=\"elementor-shape elementor-shape-bottom\" aria-hidden=\"true\" data-negative=\"false\">\n\t\t\t<svg xmlns=\"http:\/\/www.w3.org\/2000\/svg\" viewbox=\"0 0 1000 100\" preserveaspectratio=\"none\">\n\t<path class=\"elementor-shape-fill\" d=\"M0,6V0h1000v100L0,6z\"\/>\n<\/svg>\t\t<\/div>\n\t\t<div class=\"elementor-element elementor-element-475eacf e-con-full e-flex e-con e-child\" data-id=\"475eacf\" data-element_type=\"container\" data-e-type=\"container\">\n\t\t\t\t<div class=\"elementor-element elementor-element-8815c2b elementor-widget elementor-widget-image\" data-id=\"8815c2b\" data-element_type=\"widget\" data-e-type=\"widget\" data-widget_type=\"image.default\">\n\t\t\t\t<div class=\"elementor-widget-container\">\n\t\t\t\t\t\t\t\t\t\t\t\t\t\t\t<img decoding=\"async\" width=\"1024\" height=\"1024\" src=\"https:\/\/ingefred.es\/wp-content\/uploads\/2023\/11\/David-1024x1024.png\" class=\"attachment-large size-large wp-image-165\" alt=\"\" srcset=\"https:\/\/ingefred.es\/wp-content\/uploads\/2023\/11\/David-1024x1024.png 1024w, https:\/\/ingefred.es\/wp-content\/uploads\/2023\/11\/David-300x300.png 300w, https:\/\/ingefred.es\/wp-content\/uploads\/2023\/11\/David-150x150.png 150w, https:\/\/ingefred.es\/wp-content\/uploads\/2023\/11\/David-768x768.png 768w, https:\/\/ingefred.es\/wp-content\/uploads\/2023\/11\/David.png 1080w\" sizes=\"(max-width: 1024px) 100vw, 1024px\" \/>\t\t\t\t\t\t\t\t\t\t\t\t\t\t\t<\/div>\n\t\t\t\t<\/div>\n\t\t\t\t<\/div>\n\t\t<div class=\"elementor-element elementor-element-aa8e21d e-con-full e-flex e-con e-child\" data-id=\"aa8e21d\" data-element_type=\"container\" data-e-type=\"container\">\n\t\t\t\t<div class=\"elementor-element elementor-element-7db06f0 elementor-hidden-mobile elementor-widget elementor-widget-heading\" data-id=\"7db06f0\" data-element_type=\"widget\" data-e-type=\"widget\" data-widget_type=\"heading.default\">\n\t\t\t\t<div class=\"elementor-widget-container\">\n\t\t\t\t\t<h2 class=\"elementor-heading-title elementor-size-default\">ABOUT US\n\n<\/h2>\t\t\t\t<\/div>\n\t\t\t\t<\/div>\n\t\t<div class=\"elementor-element elementor-element-57965db e-flex e-con-boxed e-con e-child\" data-id=\"57965db\" data-element_type=\"container\" data-e-type=\"container\" data-settings=\"{&quot;background_background&quot;:&quot;classic&quot;}\">\n\t\t\t\t\t<div class=\"e-con-inner\">\n\t\t\t\t<div class=\"elementor-element elementor-element-b0cd3a6 elementor-vertical-align-middle elementor-widget elementor-widget-image-box\" data-id=\"b0cd3a6\" data-element_type=\"widget\" data-e-type=\"widget\" data-widget_type=\"image-box.default\">\n\t\t\t\t<div class=\"elementor-widget-container\">\n\t\t\t\t\t<div class=\"elementor-image-box-wrapper\"><div class=\"elementor-image-box-content\"><h3 class=\"elementor-image-box-title\">David Antonio Arnez<\/h3><p class=\"elementor-image-box-description\">President of INGEFRED SL with more than 25 years of experience in industrial work and maintenance for large and small companies.<\/p><\/div><\/div>\t\t\t\t<\/div>\n\t\t\t\t<\/div>\n\t\t\t\t\t<\/div>\n\t\t\t\t<\/div>\n\t\t\t\t<div class=\"elementor-element elementor-element-ee16fd8 elementor-widget elementor-widget-text-editor\" data-id=\"ee16fd8\" data-element_type=\"widget\" data-e-type=\"widget\" data-widget_type=\"text-editor.default\">\n\t\t\t\t<div class=\"elementor-widget-container\">\n\t\t\t\t\t\t\t\t\t<p>\u00abNext you will learn about my history and that of INGEFRED SL, previously called INGETERMO SRL, with origins in Argentina and more than 20 years of experience. With a solid reputation in our country of origin and extensive experience in highly complex electrical and refrigeration systems, we decided to expand our operations to the European continent.\u00bb<\/p>\t\t\t\t\t\t\t\t<\/div>\n\t\t\t\t<\/div>\n\t\t\t\t<div class=\"elementor-element elementor-element-8f6dec6 elementor-widget elementor-widget-spacer\" data-id=\"8f6dec6\" data-element_type=\"widget\" data-e-type=\"widget\" data-widget_type=\"spacer.default\">\n\t\t\t\t<div class=\"elementor-widget-container\">\n\t\t\t\t\t\t\t<div class=\"elementor-spacer\">\n\t\t\t<div class=\"elementor-spacer-inner\"><\/div>\n\t\t<\/div>\n\t\t\t\t\t\t<\/div>\n\t\t\t\t<\/div>\n\t\t\t\t<\/div>\n\t\t\t\t\t<\/div>\n\t\t\t\t<\/div>\n\t\t<div class=\"elementor-element elementor-element-71a393c e-flex e-con-boxed e-con e-parent\" data-id=\"71a393c\" data-element_type=\"container\" data-e-type=\"container\" data-settings=\"{&quot;background_background&quot;:&quot;classic&quot;}\">\n\t\t\t\t\t<div class=\"e-con-inner\">\n\t\t<div class=\"elementor-element elementor-element-df77b81 e-con-full e-flex e-con e-child\" data-id=\"df77b81\" data-element_type=\"container\" data-e-type=\"container\">\n\t\t<div class=\"elementor-element elementor-element-06471f5 e-con-full e-flex e-con e-child\" data-id=\"06471f5\" data-element_type=\"container\" data-e-type=\"container\">\n\t\t\t\t<div class=\"elementor-element elementor-element-9bd9128 elementor-widget elementor-widget-heading\" data-id=\"9bd9128\" data-element_type=\"widget\" data-e-type=\"widget\" data-widget_type=\"heading.default\">\n\t\t\t\t<div class=\"elementor-widget-container\">\n\t\t\t\t\t<h2 class=\"elementor-heading-title elementor-size-default\">OUR HISTORY\n\n<\/h2>\t\t\t\t<\/div>\n\t\t\t\t<\/div>\n\t\t\t\t<div class=\"elementor-element elementor-element-ce93d4a elementor-widget elementor-widget-heading\" data-id=\"ce93d4a\" data-element_type=\"widget\" data-e-type=\"widget\" data-widget_type=\"heading.default\">\n\t\t\t\t<div class=\"elementor-widget-container\">\n\t\t\t\t\t<h2 class=\"elementor-heading-title elementor-size-default\">The beginning<\/h2>\t\t\t\t<\/div>\n\t\t\t\t<\/div>\n\t\t\t\t<div class=\"elementor-element elementor-element-869bb5a elementor-widget elementor-widget-text-editor\" data-id=\"869bb5a\" data-element_type=\"widget\" data-e-type=\"widget\" data-widget_type=\"text-editor.default\">\n\t\t\t\t<div class=\"elementor-widget-container\">\n\t\t\t\t\t\t\t\t\t<p>David was a young Argentine entrepreneur with big dreams and an unwavering passion for technology. After finishing his technical studies in his hometown, he decided to embark on an adventure that would lead him to gain experience in Italy.<\/p><p>With suitcases full of dreams and determination, David left Argentina and moved to Italy to expand his knowledge and learn new techniques and technologies by working intensively in several prestigious companies.<\/p>\t\t\t\t\t\t\t\t<\/div>\n\t\t\t\t<\/div>\n\t\t\t\t<\/div>\n\t\t\t\t<\/div>\n\t\t<div class=\"elementor-element elementor-element-b61e5ce e-con-full e-flex e-con e-child\" data-id=\"b61e5ce\" data-element_type=\"container\" data-e-type=\"container\">\n\t\t\t\t<div class=\"elementor-element elementor-element-879e5dc elementor-widget elementor-widget-image\" data-id=\"879e5dc\" data-element_type=\"widget\" data-e-type=\"widget\" data-widget_type=\"image.default\">\n\t\t\t\t<div class=\"elementor-widget-container\">\n\t\t\t\t\t\t\t\t\t\t\t\t\t\t\t<img decoding=\"async\" width=\"1280\" height=\"1705\" src=\"https:\/\/ingefred.es\/wp-content\/uploads\/2023\/11\/pexels-mesut-alyakut-19042748.jpg\" class=\"attachment-full size-full wp-image-451\" alt=\"\" srcset=\"https:\/\/ingefred.es\/wp-content\/uploads\/2023\/11\/pexels-mesut-alyakut-19042748.jpg 1280w, https:\/\/ingefred.es\/wp-content\/uploads\/2023\/11\/pexels-mesut-alyakut-19042748-225x300.jpg 225w, https:\/\/ingefred.es\/wp-content\/uploads\/2023\/11\/pexels-mesut-alyakut-19042748-769x1024.jpg 769w, https:\/\/ingefred.es\/wp-content\/uploads\/2023\/11\/pexels-mesut-alyakut-19042748-768x1023.jpg 768w, https:\/\/ingefred.es\/wp-content\/uploads\/2023\/11\/pexels-mesut-alyakut-19042748-1153x1536.jpg 1153w\" sizes=\"(max-width: 1280px) 100vw, 1280px\" \/>\t\t\t\t\t\t\t\t\t\t\t\t\t\t\t<\/div>\n\t\t\t\t<\/div>\n\t\t\t\t<\/div>\n\t\t\t\t\t<\/div>\n\t\t\t\t<\/div>\n\t\t<div class=\"elementor-element elementor-element-b6d1646 e-flex e-con-boxed e-con e-parent\" data-id=\"b6d1646\" data-element_type=\"container\" data-e-type=\"container\" data-settings=\"{&quot;shape_divider_top&quot;:&quot;tilt&quot;,&quot;shape_divider_bottom&quot;:&quot;tilt&quot;}\">\n\t\t\t\t\t<div class=\"e-con-inner\">\n\t\t\t\t<div class=\"elementor-shape elementor-shape-top\" aria-hidden=\"true\" data-negative=\"false\">\n\t\t\t<svg xmlns=\"http:\/\/www.w3.org\/2000\/svg\" viewbox=\"0 0 1000 100\" preserveaspectratio=\"none\">\n\t<path class=\"elementor-shape-fill\" d=\"M0,6V0h1000v100L0,6z\"\/>\n<\/svg>\t\t<\/div>\n\t\t\t\t<div class=\"elementor-shape elementor-shape-bottom\" aria-hidden=\"true\" data-negative=\"false\">\n\t\t\t<svg xmlns=\"http:\/\/www.w3.org\/2000\/svg\" viewbox=\"0 0 1000 100\" preserveaspectratio=\"none\">\n\t<path class=\"elementor-shape-fill\" d=\"M0,6V0h1000v100L0,6z\"\/>\n<\/svg>\t\t<\/div>\n\t\t<div class=\"elementor-element elementor-element-11f0b55 e-con-full e-flex e-con e-child\" data-id=\"11f0b55\" data-element_type=\"container\" data-e-type=\"container\">\n\t\t\t\t<div class=\"elementor-element elementor-element-78e6091 elementor-widget elementor-widget-image\" data-id=\"78e6091\" data-element_type=\"widget\" data-e-type=\"widget\" data-widget_type=\"image.default\">\n\t\t\t\t<div class=\"elementor-widget-container\">\n\t\t\t\t\t\t\t\t\t\t\t\t\t\t\t<img decoding=\"async\" width=\"1280\" height=\"2276\" src=\"https:\/\/ingefred.es\/wp-content\/uploads\/2023\/11\/pexels-roma-5609528.jpg\" class=\"attachment-full size-full wp-image-458\" alt=\"\" srcset=\"https:\/\/ingefred.es\/wp-content\/uploads\/2023\/11\/pexels-roma-5609528.jpg 1280w, https:\/\/ingefred.es\/wp-content\/uploads\/2023\/11\/pexels-roma-5609528-169x300.jpg 169w, https:\/\/ingefred.es\/wp-content\/uploads\/2023\/11\/pexels-roma-5609528-576x1024.jpg 576w, https:\/\/ingefred.es\/wp-content\/uploads\/2023\/11\/pexels-roma-5609528-768x1366.jpg 768w, https:\/\/ingefred.es\/wp-content\/uploads\/2023\/11\/pexels-roma-5609528-864x1536.jpg 864w, https:\/\/ingefred.es\/wp-content\/uploads\/2023\/11\/pexels-roma-5609528-1152x2048.jpg 1152w\" sizes=\"(max-width: 1280px) 100vw, 1280px\" \/>\t\t\t\t\t\t\t\t\t\t\t\t\t\t\t<\/div>\n\t\t\t\t<\/div>\n\t\t\t\t<\/div>\n\t\t<div class=\"elementor-element elementor-element-c12707f e-con-full e-flex e-con e-child\" data-id=\"c12707f\" data-element_type=\"container\" data-e-type=\"container\">\n\t\t<div class=\"elementor-element elementor-element-9a4429d e-con-full e-flex e-con e-child\" data-id=\"9a4429d\" data-element_type=\"container\" data-e-type=\"container\">\n\t\t\t\t<div class=\"elementor-element elementor-element-7dd7401 elementor-hidden-tablet elementor-widget elementor-widget-spacer\" data-id=\"7dd7401\" data-element_type=\"widget\" data-e-type=\"widget\" data-widget_type=\"spacer.default\">\n\t\t\t\t<div class=\"elementor-widget-container\">\n\t\t\t\t\t\t\t<div class=\"elementor-spacer\">\n\t\t\t<div class=\"elementor-spacer-inner\"><\/div>\n\t\t<\/div>\n\t\t\t\t\t\t<\/div>\n\t\t\t\t<\/div>\n\t\t\t\t<div class=\"elementor-element elementor-element-dc6e9a6 elementor-widget elementor-widget-heading\" data-id=\"dc6e9a6\" data-element_type=\"widget\" data-e-type=\"widget\" data-widget_type=\"heading.default\">\n\t\t\t\t<div class=\"elementor-widget-container\">\n\t\t\t\t\t<h2 class=\"elementor-heading-title elementor-size-default\">Return to Argentina<\/h2>\t\t\t\t<\/div>\n\t\t\t\t<\/div>\n\t\t\t\t<div class=\"elementor-element elementor-element-45cbedd elementor-widget elementor-widget-text-editor\" data-id=\"45cbedd\" data-element_type=\"widget\" data-e-type=\"widget\" data-widget_type=\"text-editor.default\">\n\t\t\t\t<div class=\"elementor-widget-container\">\n\t\t\t\t\t\t\t\t\t<p>After years in Italy, David founded the company INGETERMO in Argentina, a company specialized in thermomechanical engineering and renewable energies.<\/p><p>Together with his family, he managed to grow the company rapidly, becoming a leader in the sector. Although his achievements were evident, David recognized that there was still much to do.<\/p>\t\t\t\t\t\t\t\t<\/div>\n\t\t\t\t<\/div>\n\t\t\t\t<\/div>\n\t\t\t\t<\/div>\n\t\t\t\t\t<\/div>\n\t\t\t\t<\/div>\n\t\t<div class=\"elementor-element elementor-element-2695e2c e-flex e-con-boxed e-con e-parent\" data-id=\"2695e2c\" data-element_type=\"container\" data-e-type=\"container\" data-settings=\"{&quot;background_background&quot;:&quot;classic&quot;,&quot;shape_divider_bottom&quot;:&quot;tilt&quot;}\">\n\t\t\t\t\t<div class=\"e-con-inner\">\n\t\t\t\t<div class=\"elementor-shape elementor-shape-bottom\" aria-hidden=\"true\" data-negative=\"false\">\n\t\t\t<svg xmlns=\"http:\/\/www.w3.org\/2000\/svg\" viewbox=\"0 0 1000 100\" preserveaspectratio=\"none\">\n\t<path class=\"elementor-shape-fill\" d=\"M0,6V0h1000v100L0,6z\"\/>\n<\/svg>\t\t<\/div>\n\t\t<div class=\"elementor-element elementor-element-cafe7ad e-con-full e-flex e-con e-child\" data-id=\"cafe7ad\" data-element_type=\"container\" data-e-type=\"container\">\n\t\t<div class=\"elementor-element elementor-element-c7a0107 e-con-full e-flex e-con e-child\" data-id=\"c7a0107\" data-element_type=\"container\" data-e-type=\"container\">\n\t\t\t\t<div class=\"elementor-element elementor-element-3ccec78 elementor-widget elementor-widget-heading\" data-id=\"3ccec78\" data-element_type=\"widget\" data-e-type=\"widget\" data-widget_type=\"heading.default\">\n\t\t\t\t<div class=\"elementor-widget-container\">\n\t\t\t\t\t<h2 class=\"elementor-heading-title elementor-size-default\">A new horizon<\/h2>\t\t\t\t<\/div>\n\t\t\t\t<\/div>\n\t\t\t\t<div class=\"elementor-element elementor-element-b997937 elementor-widget__width-initial elementor-widget elementor-widget-text-editor\" data-id=\"b997937\" data-element_type=\"widget\" data-e-type=\"widget\" data-widget_type=\"text-editor.default\">\n\t\t\t\t<div class=\"elementor-widget-container\">\n\t\t\t\t\t\t\t\t\t<p class=\"translation-block\">With the success of INGETERMO consolidated, David along with his three sons, <strong>Nicol\u00e1s, Lucas and Andr\u00e9s<\/strong>, (fundamental pillars of the company) decided that it was the perfect time to embark on a new family adventure in Spain by founding INGEFRED.<\/p><p>Today, David continues to work tirelessly to promote sustainable development, without forgetting his roots in Argentina. Both companies continue to grow and expand, their legacy in the field of engineering and renewable energy will last for generations.<\/p><p><em>Her story is a reminder that dreams can become reality if pursued with passion and the courage to take risks.<\/em><\/p>\t\t\t\t\t\t\t\t<\/div>\n\t\t\t\t<\/div>\n\t\t\t\t<\/div>\n\t\t\t\t<\/div>\n\t\t<div class=\"elementor-element elementor-element-94793d0 e-con-full e-flex e-con e-child\" data-id=\"94793d0\" data-element_type=\"container\" data-e-type=\"container\">\n\t\t\t\t<div class=\"elementor-element elementor-element-369cfd0 elementor-widget elementor-widget-image\" data-id=\"369cfd0\" data-element_type=\"widget\" data-e-type=\"widget\" data-widget_type=\"image.default\">\n\t\t\t\t<div class=\"elementor-widget-container\">\n\t\t\t\t\t\t\t\t\t\t\t\t\t\t\t<img decoding=\"async\" width=\"768\" height=\"1024\" src=\"https:\/\/ingefred.es\/wp-content\/uploads\/2023\/11\/WhatsApp-Image-2023-11-20-at-3.54.47-PM-768x1024.jpeg\" class=\"attachment-large size-large wp-image-697\" alt=\"\" srcset=\"https:\/\/ingefred.es\/wp-content\/uploads\/2023\/11\/WhatsApp-Image-2023-11-20-at-3.54.47-PM-768x1024.jpeg 768w, https:\/\/ingefred.es\/wp-content\/uploads\/2023\/11\/WhatsApp-Image-2023-11-20-at-3.54.47-PM-225x300.jpeg 225w, https:\/\/ingefred.es\/wp-content\/uploads\/2023\/11\/WhatsApp-Image-2023-11-20-at-3.54.47-PM-1152x1536.jpeg 1152w, https:\/\/ingefred.es\/wp-content\/uploads\/2023\/11\/WhatsApp-Image-2023-11-20-at-3.54.47-PM.jpeg 1200w\" sizes=\"(max-width: 768px) 100vw, 768px\" \/>\t\t\t\t\t\t\t\t\t\t\t\t\t\t\t<\/div>\n\t\t\t\t<\/div>\n\t\t\t\t<\/div>\n\t\t\t\t\t<\/div>\n\t\t\t\t<\/div>\n\t\t<div class=\"elementor-element elementor-element-1e91a7f e-flex e-con-boxed e-con e-parent\" data-id=\"1e91a7f\" data-element_type=\"container\" data-e-type=\"container\" data-settings=\"{&quot;background_background&quot;:&quot;classic&quot;,&quot;shape_divider_top&quot;:&quot;tilt&quot;}\">\n\t\t\t\t\t<div class=\"e-con-inner\">\n\t\t\t\t<div class=\"elementor-shape elementor-shape-top\" aria-hidden=\"true\" data-negative=\"false\">\n\t\t\t<svg xmlns=\"http:\/\/www.w3.org\/2000\/svg\" viewbox=\"0 0 1000 100\" preserveaspectratio=\"none\">\n\t<path class=\"elementor-shape-fill\" d=\"M0,6V0h1000v100L0,6z\"\/>\n<\/svg>\t\t<\/div>\n\t\t\t\t<div class=\"elementor-element elementor-element-278e2ff elementor-widget elementor-widget-heading\" data-id=\"278e2ff\" data-element_type=\"widget\" data-e-type=\"widget\" data-widget_type=\"heading.default\">\n\t\t\t\t<div class=\"elementor-widget-container\">\n\t\t\t\t\t<h2 class=\"elementor-heading-title elementor-size-default\">OUR SERVICES<\/h2>\t\t\t\t<\/div>\n\t\t\t\t<\/div>\n\t\t\t\t<div class=\"elementor-element elementor-element-cdbfa72 elementor-widget elementor-widget-heading\" data-id=\"cdbfa72\" data-element_type=\"widget\" data-e-type=\"widget\" data-widget_type=\"heading.default\">\n\t\t\t\t<div class=\"elementor-widget-container\">\n\t\t\t\t\t<h2 class=\"elementor-heading-title elementor-size-default\">Find out how we can help you<\/h2>\t\t\t\t<\/div>\n\t\t\t\t<\/div>\n\t\t\t\t<div class=\"elementor-element elementor-element-e2001a7 elementor-align-center elementor-widget elementor-widget-button\" data-id=\"e2001a7\" data-element_type=\"widget\" data-e-type=\"widget\" data-widget_type=\"button.default\">\n\t\t\t\t<div class=\"elementor-widget-container\">\n\t\t\t\t\t\t\t\t\t<div class=\"elementor-button-wrapper\">\n\t\t\t\t\t<a class=\"elementor-button elementor-button-link elementor-size-sm\" href=\"https:\/\/ingefred.es\/en\/servicios\/\">\n\t\t\t\t\t\t<span class=\"elementor-button-content-wrapper\">\n\t\t\t\t\t\t<span class=\"elementor-button-icon\">\n\t\t\t\t<i aria-hidden=\"true\" class=\"icon icon-right-arrow\"><\/i>\t\t\t<\/span>\n\t\t\t\t\t\t\t\t\t<span class=\"elementor-button-text\">Services<\/span>\n\t\t\t\t\t<\/span>\n\t\t\t\t\t<\/a>\n\t\t\t\t<\/div>\n\t\t\t\t\t\t\t\t<\/div>\n\t\t\t\t<\/div>\n\t\t\t\t\t<\/div>\n\t\t\t\t<\/div>\n\t\t\t\t<\/div>","protected":false},"excerpt":{"rendered":"<p>Nuestra historia Nuestra historia SOBRE NOSOTROS David Antonio Arnez Presidente de INGEFRED SL con mas de 25 a\u00f1os de experiencia en trabajos industriales y mantenimiento para grandes y peque\u00f1as compa\u00f1ias. \u00abA continuaci\u00f3n conocer\u00e1s mi historia y la de INGEFRED SL, anteriormente llamada INGETERMO SRL, con or\u00edgenes en Argentina y m\u00e1s de 20 a\u00f1os de experiencia. [&hellip;]<\/p>\n","protected":false},"author":1,"featured_media":0,"parent":0,"menu_order":0,"comment_status":"closed","ping_status":"closed","template":"elementor_header_footer","meta":{"site-sidebar-layout":"no-sidebar","site-content-layout":"","ast-site-content-layout":"full-width-container","site-content-style":"default","site-sidebar-style":"default","ast-global-header-display":"","ast-banner-title-visibility":"","ast-main-header-display":"","ast-hfb-above-header-display":"","ast-hfb-below-header-display":"","ast-hfb-mobile-header-display":"","site-post-title":"disabled","ast-breadcrumbs-content":"","ast-featured-img":"disabled","footer-sml-layout":"","ast-disable-related-posts":"","theme-transparent-header-meta":"","adv-header-id-meta":"","stick-header-meta":"","header-above-stick-meta":"","header-main-stick-meta":"","header-below-stick-meta":"","astra-migrate-meta-layouts":"default","ast-page-background-enabled":"default","ast-page-background-meta":{"desktop":{"background-color":"var(--ast-global-color-4)","background-image":"","background-repeat":"repeat","background-position":"center center","background-size":"auto","background-attachment":"scroll","background-type":"","background-media":"","overlay-type":"","overlay-color":"","overlay-opacity":"","overlay-gradient":""},"tablet":{"background-color":"","background-image":"","background-repeat":"repeat","background-position":"center center","background-size":"auto","background-attachment":"scroll","background-type":"","background-media":"","overlay-type":"","overlay-color":"","overlay-opacity":"","overlay-gradient":""},"mobile":{"background-color":"","background-image":"","background-repeat":"repeat","background-position":"center center","background-size":"auto","background-attachment":"scroll","background-type":"","background-media":"","overlay-type":"","overlay-color":"","overlay-opacity":"","overlay-gradient":""}},"ast-content-background-meta":{"desktop":{"background-color":"var(--ast-global-color-5)","background-image":"","background-repeat":"repeat","background-position":"center center","background-size":"auto","background-attachment":"scroll","background-type":"","background-media":"","overlay-type":"","overlay-color":"","overlay-opacity":"","overlay-gradient":""},"tablet":{"background-color":"var(--ast-global-color-5)","background-image":"","background-repeat":"repeat","background-position":"center center","background-size":"auto","background-attachment":"scroll","background-type":"","background-media":"","overlay-type":"","overlay-color":"","overlay-opacity":"","overlay-gradient":""},"mobile":{"background-color":"var(--ast-global-color-5)","background-image":"","background-repeat":"repeat","background-position":"center center","background-size":"auto","background-attachment":"scroll","background-type":"","background-media":"","overlay-type":"","overlay-color":"","overlay-opacity":"","overlay-gradient":""}},"footnotes":""},"class_list":["post-27","page","type-page","status-publish","hentry"],"_links":{"self":[{"href":"https:\/\/ingefred.es\/en\/wp-json\/wp\/v2\/pages\/27","targetHints":{"allow":["GET"]}}],"collection":[{"href":"https:\/\/ingefred.es\/en\/wp-json\/wp\/v2\/pages"}],"about":[{"href":"https:\/\/ingefred.es\/en\/wp-json\/wp\/v2\/types\/page"}],"author":[{"embeddable":true,"href":"https:\/\/ingefred.es\/en\/wp-json\/wp\/v2\/users\/1"}],"replies":[{"embeddable":true,"href":"https:\/\/ingefred.es\/en\/wp-json\/wp\/v2\/comments?post=27"}],"version-history":[{"count":0,"href":"https:\/\/ingefred.es\/en\/wp-json\/wp\/v2\/pages\/27\/revisions"}],"wp:attachment":[{"href":"https:\/\/ingefred.es\/en\/wp-json\/wp\/v2\/media?parent=27"}],"curies":[{"name":"wp","href":"https:\/\/api.w.org\/{rel}","templated":true}]}}